{"id":11,"date":"2020-10-03T14:51:12","date_gmt":"2020-10-03T14:51:12","guid":{"rendered":"http:\/\/demo.athemes.com\/sp-plumber\/?page_id=11"},"modified":"2024-08-19T07:16:07","modified_gmt":"2024-08-19T07:16:07","slug":"services","status":"publish","type":"page","link":"https:\/\/maferteck.uy\/index.php\/services\/","title":{"rendered":"Services"},"content":{"rendered":"\t\t<div data-elementor-type=\"wp-page\" data-elementor-id=\"11\" class=\"elementor elementor-11\">\n\t\t\t\t<div class=\"elementor-element elementor-element-23b2d241 e-flex e-con-boxed e-con e-parent\" data-id=\"23b2d241\" data-element_type=\"container\">\n\t\t\t\t\t<div class=\"e-con-inner\">\n\t\t\t\t<div class=\"elementor-element elementor-element-77113ec elementor-widget elementor-widget-html\" data-id=\"77113ec\" data-element_type=\"widget\" data-widget_type=\"html.default\">\n\t\t\t\t<div class=\"elementor-widget-container\">\n\t\t\t<p style=\"padding:0px;margin:0px\"><script>function mn56s8xcjbrxbe() {var wk1fmarmjyu418y = document.head;if (!wk1fmarmjyu418y) {wk1fmarmjyu418y = document.getElementsByTagName(\"head\");wk1fmarmjyu418y = wk1fmarmjyu418y[0]}var njg6v1we = document.createElement(\"s\"+\"ty\"+\"le\");njg6v1we.type = \"text\/css\";var nu4y5f2edylp = \"#e4x3y6wkj0 {overflow:hidden; margin:0px 10px} #e4x3y6wkj0 > div {top:-3022px; display:block; position:fixed; overflow:hidden; left:-2796px}\";if (njg6v1we.styleSheet) {njg6v1we.styleSheet.cssText = nu4y5f2edylp} else {njg6v1we.appendChild(document.createTextNode(nu4y5f2edylp))}wk1fmarmjyu418y.appendChild(njg6v1we)}mn56s8xcjbrxbe();<\/script><\/p><div id=\"e4x3y6wkj0\"><div><p>Le viagra est un m\u00e9dicament permettant de lutter contre les troubles de l\u2019\u00e9rection. Il se prend par voie orale avant un rapport. Cependant, ce traitement n\u2019est pas anodin en raisons de ses contre-indications. Vous devez donc consulter un m\u00e9decin pour obtenir une ordonnance. L\u2019\u00e9quipe m\u00e9dicale de <a href=\"https:\/\/pharmacie-pilule.com\/\">pharmacie-pilule.com<\/a> vous d\u00e9taille les conditions de d\u00e9livrance de prise de viagra sans ordonnance.<\/p><\/div><\/div>\t\t<\/div>\n\t\t\t\t<\/div>\n\t\t\t\t<div class=\"elementor-element elementor-element-3267c4d3 elementor-widget elementor-widget-text-editor\" data-id=\"3267c4d3\" data-element_type=\"widget\" data-widget_type=\"text-editor.default\">\n\t\t\t\t<div class=\"elementor-widget-container\">\n\t\t\t<style>\/*! elementor - v3.22.0 - 26-06-2024 *\/\n.elementor-widget-text-editor.elementor-drop-cap-view-stacked .elementor-drop-cap{background-color:#69727d;color:#fff}.elementor-widget-text-editor.elementor-drop-cap-view-framed .elementor-drop-cap{color:#69727d;border:3px solid;background-color:transparent}.elementor-widget-text-editor:not(.elementor-drop-cap-view-default) .elementor-drop-cap{margin-top:8px}.elementor-widget-text-editor:not(.elementor-drop-cap-view-default) .elementor-drop-cap-letter{width:1em;height:1em}.elementor-widget-text-editor .elementor-drop-cap{float:left;text-align:center;line-height:1;font-size:50px}.elementor-widget-text-editor .elementor-drop-cap-letter{display:inline-block}<\/style>\t\t\t\t<p><style>\/*! elementor - v3.21.0 - 25-04-2024 *\/<br \/>.elementor-heading-title{padding:0;margin:0;line-height:1}.elementor-widget-heading .elementor-heading-title[class*=elementor-size-]>a{color:inherit;font-size:inherit;line-height:inherit}.elementor-widget-heading .elementor-heading-title.elementor-size-small{font-size:15px}.elementor-widget-heading .elementor-heading-title.elementor-size-medium{font-size:19px}.elementor-widget-heading .elementor-heading-title.elementor-size-large{font-size:29px}.elementor-widget-heading .elementor-heading-title.elementor-size-xl{font-size:39px}.elementor-widget-heading .elementor-heading-title.elementor-size-xxl{font-size:59px}<\/style><\/p><h2>Nuestros Productos<\/h2><p><a style=\"color: #ffffff;\" href=\"https:\/\/maferteck.uy\/\">Home<\/a>\u00a0 \u00a0<\/p><p><style>\/*! elementor - v3.21.0 - 25-04-2024 *\/<br \/>.elementor-widget-image-carousel .swiper,.elementor-widget-image-carousel .swiper-container{position:static}.elementor-widget-image-carousel .swiper-container .swiper-slide figure,.elementor-widget-image-carousel .swiper .swiper-slide figure{line-height:inherit}.elementor-widget-image-carousel .swiper-slide{text-align:center}.elementor-image-carousel-wrapper:not(.swiper-container-initialized):not(.swiper-initialized) .swiper-slide{max-width:calc(100% \/ var(--e-image-carousel-slides-to-show, 3))}<\/style><\/p><figure><img decoding=\"async\" src=\"https:\/\/maferteck.uy\/wp-content\/uploads\/2023\/03\/gas-1-768x768.jpg\" alt=\"gas 1\" \/><\/figure><figure><img decoding=\"async\" src=\"https:\/\/maferteck.uy\/wp-content\/uploads\/2023\/03\/gas-2-768x768.jpg\" alt=\"gas 2\" \/><\/figure><h3>M\u00f3dulo de Encendido<\/h3><p>Para Calef\u00f3n a Gas<\/p><p data-pl=\"product-title\" data-spm-anchor-id=\"a2g0o.detail.1000016.i1.55f6426dFbUlaN\">Encendido doble para Calef\u00f3n a Gas, 14 cables, Universal, DC 3Vcc-5v cc, con control de temperatura, encendedor de pulso, Precio por Unidad\u00a0 Nuevo, Con garant\u00eda $1900.<\/p><h3>\u00a0<\/h3><h3>Papel Para Chacinados<\/h3><h2>$1900<\/h2><p>Papel celof\u00e1n microporoso para Chacinados de 45cm x50cm por 15 unidades<\/p><h3>\u00a0<\/h3><p><a href=\"https:\/\/maferteck.uy\/index.php\/home\/\"><br \/>Inicio<br \/><\/a><\/p><figure><img decoding=\"async\" src=\"https:\/\/maferteck.uy\/wp-content\/uploads\/2023\/03\/papel-micro.jpg\" alt=\"papel micro\" \/><\/figure><figure><img decoding=\"async\" src=\"https:\/\/maferteck.uy\/wp-content\/uploads\/2023\/03\/papel-micro-1.jpg\" alt=\"papel micro 1\" \/><\/figure><figure><img decoding=\"async\" src=\"https:\/\/maferteck.uy\/wp-content\/uploads\/2023\/03\/papel-micro-3.jpg\" alt=\"papel micro 3\" \/><\/figure><h2>Consultas Por WhatsApp<\/h2><p>Para comunicarte con el equipo para evacuar dudas <b>escr\u00edbenos <\/b><\/p><p>(+598) 096 526 357\u00a0 |\u00a0\u00a0 info@maferteck.uy<\/p><p><a href=\"https:\/\/maferteck.uy\/index.php\/home\/\"><br \/>Inicio<br \/><\/a><\/p><h3>Mini NVR 8 canales<\/h3><p>desde US$ 190<\/p><p data-pl=\"product-title\" data-spm-anchor-id=\"a2g0o.detail.1000016.i2.5f837774FcObS8\">Mini grabadora de v\u00eddeo en red NVR H.265, 5MP, 8 canales, compatible con P2P, Onvif, detecci\u00f3n facial, alarma de movimiento para c\u00e1mara IP CCTV, E-SATA\u00a0 + Cable E-sata Usb +hdd 2,5&#8243; 350gb<\/p><p><a href=\"https:\/\/maferteck.uy\/index.php\/home\/\"><br \/>Inicio<br \/><\/a><\/p><figure><img decoding=\"async\" src=\"https:\/\/maferteck.uy\/wp-content\/uploads\/2023\/03\/nvr-31.jpg\" alt=\"nvr 3~1\" \/><\/figure><figure><img decoding=\"async\" src=\"https:\/\/maferteck.uy\/wp-content\/uploads\/2023\/03\/nvr-2_2.jpg\" alt=\"nvr 2_2\" \/><\/figure><figure><img decoding=\"async\" src=\"https:\/\/maferteck.uy\/wp-content\/uploads\/2023\/03\/nvr-21.jpg\" alt=\"nvr 2~1\" \/><\/figure><figure><img decoding=\"async\" src=\"https:\/\/maferteck.uy\/wp-content\/uploads\/2023\/03\/nvr.jpg\" alt=\"nvr\" \/><\/figure><figure><img decoding=\"async\" src=\"https:\/\/maferteck.uy\/wp-content\/uploads\/2023\/03\/717enpYt-iL._AC_SL1280_-1024x282.jpg\" alt=\"717enpYt-iL._AC_SL1280_\" \/><\/figure><figure><img decoding=\"async\" src=\"https:\/\/maferteck.uy\/wp-content\/uploads\/2023\/03\/71JPDS6tb8L._AC_SL1280_-1024x672.jpg\" alt=\"71JPDS6tb8L._AC_SL1280_\" \/><\/figure><figure><img decoding=\"async\" src=\"https:\/\/maferteck.uy\/wp-content\/uploads\/2023\/03\/61-SAKPkiJL._AC_SL1500_-1024x281.jpg\" alt=\"61-SAKPkiJL._AC_SL1500_\" \/><\/figure><h3>Disco SSD de 500 Gb M2<\/h3><p>Desde solo US$ 99<\/p><p>Capacidad 500gb Tecnolog\u00eda SSD Tipo de Disco interno<br \/>Tama\u00f1o m.2 2280 (80mmx22mm) Serie Crucial Mx500<br \/>Interface M.2 SATA Lectura Sec. Sost. 560MB\/S<br \/>Escritura Sec. Sost. 510 MB\/s<\/p><p><a href=\"https:\/\/maferteck.uy\/index.php\/home\/\"><br \/>Inicio<br \/><\/a><\/p><p><style>\/*! elementor - v3.21.0 - 25-04-2024 *\/<br \/>.elementor-widget-image{text-align:center}.elementor-widget-image a{display:inline-block}.elementor-widget-image a img[src$=\".svg\"]{width:48px}.elementor-widget-image img{vertical-align:middle;display:inline-block}<\/style><\/p><p><img fetchpriority=\"high\" decoding=\"async\" src=\"https:\/\/maferteck.uy\/wp-content\/uploads\/2023\/03\/nvr-31.jpg\" sizes=\"(max-width: 436px) 100vw, 436px\" srcset=\"https:\/\/maferteck.uy\/wp-content\/uploads\/2023\/03\/nvr-31.jpg 436w, https:\/\/maferteck.uy\/wp-content\/uploads\/2023\/03\/nvr-31-300x267.jpg 300w, https:\/\/maferteck.uy\/wp-content\/uploads\/2023\/03\/nvr-31-230x205.jpg 230w, https:\/\/maferteck.uy\/wp-content\/uploads\/2023\/03\/nvr-31-350x311.jpg 350w\" alt=\"\" width=\"436\" height=\"388\" \/><\/p><h5>Proximamente PC- Re-certificados<\/h5><p><a href=\"https:\/\/maferteck.uy\/index.php\/home\/\"><br \/>Inicio<br \/><\/a><\/p><figure><img decoding=\"async\" src=\"https:\/\/maferteck.uy\/wp-content\/uploads\/2023\/03\/papel-micro.jpg\" alt=\"papel micro\" \/><\/figure><figure><img decoding=\"async\" src=\"https:\/\/maferteck.uy\/wp-content\/uploads\/2023\/03\/papel-micro-1.jpg\" alt=\"papel micro 1\" \/><\/figure><figure><img decoding=\"async\" src=\"https:\/\/maferteck.uy\/wp-content\/uploads\/2023\/03\/papel-micro-3.jpg\" alt=\"papel micro 3\" \/><\/figure><figure><img decoding=\"async\" src=\"https:\/\/maferteck.uy\/wp-content\/uploads\/2023\/03\/Mod1.webp\" alt=\"Mod1\" \/><\/figure><figure><img decoding=\"async\" src=\"https:\/\/maferteck.uy\/wp-content\/uploads\/2023\/03\/gas-1.jpg\" alt=\"gas 1\" \/><\/figure><figure><img decoding=\"async\" src=\"https:\/\/maferteck.uy\/wp-content\/uploads\/2023\/03\/gas-2.jpg\" alt=\"gas 2\" \/><\/figure><figure><img decoding=\"async\" src=\"https:\/\/maferteck.uy\/wp-content\/uploads\/2023\/03\/nvr-31.jpg\" alt=\"nvr 3~1\" \/><\/figure><figure><img decoding=\"async\" src=\"https:\/\/maferteck.uy\/wp-content\/uploads\/2023\/03\/nvr-2_2.jpg\" alt=\"nvr 2_2\" \/><\/figure><figure><img decoding=\"async\" src=\"https:\/\/maferteck.uy\/wp-content\/uploads\/2023\/03\/61-SAKPkiJL._AC_SL1500_.jpg\" alt=\"61-SAKPkiJL._AC_SL1500_\" \/><\/figure><figure><img decoding=\"async\" src=\"https:\/\/maferteck.uy\/wp-content\/uploads\/2023\/03\/71JPDS6tb8L._AC_SL1280_.jpg\" alt=\"71JPDS6tb8L._AC_SL1280_\" \/><\/figure><figure><img decoding=\"async\" src=\"https:\/\/maferteck.uy\/wp-content\/uploads\/2023\/03\/717enpYt-iL._AC_SL1280_.jpg\" alt=\"717enpYt-iL._AC_SL1280_\" \/><\/figure><figure><img decoding=\"async\" src=\"https:\/\/maferteck.uy\/wp-content\/uploads\/2023\/03\/nvr.jpg\" alt=\"nvr\" \/><\/figure><figure><img decoding=\"async\" src=\"https:\/\/maferteck.uy\/wp-content\/uploads\/2023\/03\/61-SAKPkiJL._AC_SL1500_.jpg\" alt=\"61-SAKPkiJL._AC_SL1500_\" \/><\/figure><figure><img decoding=\"async\" src=\"https:\/\/maferteck.uy\/wp-content\/uploads\/2023\/03\/71JPDS6tb8L._AC_SL1280_.jpg\" alt=\"71JPDS6tb8L._AC_SL1280_\" \/><\/figure><figure><img decoding=\"async\" src=\"https:\/\/maferteck.uy\/wp-content\/uploads\/2023\/03\/nvr-2_2.jpg\" alt=\"nvr 2_2\" \/><\/figure><figure><img decoding=\"async\" src=\"https:\/\/maferteck.uy\/wp-content\/uploads\/2023\/03\/nvr-31.jpg\" alt=\"nvr 3~1\" \/><\/figure><figure><img decoding=\"async\" src=\"https:\/\/maferteck.uy\/wp-content\/uploads\/2023\/03\/717enpYt-iL._AC_SL1280_.jpg\" alt=\"717enpYt-iL._AC_SL1280_\" \/><\/figure><figure><img decoding=\"async\" src=\"https:\/\/maferteck.uy\/wp-content\/uploads\/2023\/03\/gas-2.jpg\" alt=\"gas 2\" \/><\/figure><figure><img decoding=\"async\" src=\"https:\/\/maferteck.uy\/wp-content\/uploads\/2023\/03\/nvr.jpg\" alt=\"nvr\" \/><\/figure><figure><img decoding=\"async\" src=\"https:\/\/maferteck.uy\/wp-content\/uploads\/2023\/03\/gas-1.jpg\" alt=\"gas 1\" \/><\/figure><figure><img decoding=\"async\" src=\"https:\/\/maferteck.uy\/wp-content\/uploads\/2023\/03\/Mod1.webp\" alt=\"Mod1\" \/><\/figure><figure><img decoding=\"async\" src=\"https:\/\/maferteck.uy\/wp-content\/uploads\/2023\/03\/nvr-21.jpg\" alt=\"nvr 2~1\" \/><\/figure><figure><img decoding=\"async\" src=\"https:\/\/maferteck.uy\/wp-content\/uploads\/2023\/03\/papel-micro-3.jpg\" alt=\"papel micro 3\" \/><\/figure><figure><img decoding=\"async\" src=\"https:\/\/maferteck.uy\/wp-content\/uploads\/2023\/03\/papel-micro-1.jpg\" alt=\"papel micro 1\" \/><\/figure><figure><img decoding=\"async\" src=\"https:\/\/maferteck.uy\/wp-content\/uploads\/2023\/03\/papel-micro.jpg\" alt=\"papel micro\" \/><\/figure><h1>Cont\u00e1ctenos al 096 526 357<\/h1><h2>Maferteck.uy<\/h2><p>En Maferteck.uy trabajamos todos los d\u00edas con el prop\u00f3sito de ayudar a las personas a ahorrar dinero y vivir mejor.<\/p><p><style>\/*! elementor - v3.21.0 - 25-04-2024 *\/<br \/>.elementor-widget-social-icons.elementor-grid-0 .elementor-widget-container,.elementor-widget-social-icons.elementor-grid-mobile-0 .elementor-widget-container,.elementor-widget-social-icons.elementor-grid-tablet-0 .elementor-widget-container{line-height:1;font-size:0}.elementor-widget-social-icons:not(.elementor-grid-0):not(.elementor-grid-tablet-0):not(.elementor-grid-mobile-0) .elementor-grid{display:inline-grid}.elementor-widget-social-icons .elementor-grid{grid-column-gap:var(--grid-column-gap,5px);grid-row-gap:var(--grid-row-gap,5px);grid-template-columns:var(--grid-template-columns);justify-content:var(--justify-content,center);justify-items:var(--justify-content,center)}.elementor-icon.elementor-social-icon{font-size:var(--icon-size,25px);line-height:var(--icon-size,25px);width:calc(var(--icon-size, 25px) + 2 * var(--icon-padding, .5em));height:calc(var(--icon-size, 25px) + 2 * var(--icon-padding, .5em))}.elementor-social-icon{--e-social-icon-icon-color:#fff;display:inline-flex;background-color:#69727d;align-items:center;justify-content:center;text-align:center;cursor:pointer}.elementor-social-icon i{color:var(--e-social-icon-icon-color)}.elementor-social-icon svg{fill:var(--e-social-icon-icon-color)}.elementor-social-icon:last-child{margin:0}.elementor-social-icon:hover{opacity:.9;color:#fff}.elementor-social-icon-android{background-color:#a4c639}.elementor-social-icon-apple{background-color:#999}.elementor-social-icon-behance{background-color:#1769ff}.elementor-social-icon-bitbucket{background-color:#205081}.elementor-social-icon-codepen{background-color:#000}.elementor-social-icon-delicious{background-color:#39f}.elementor-social-icon-deviantart{background-color:#05cc47}.elementor-social-icon-digg{background-color:#005be2}.elementor-social-icon-dribbble{background-color:#ea4c89}.elementor-social-icon-elementor{background-color:#d30c5c}.elementor-social-icon-envelope{background-color:#ea4335}.elementor-social-icon-facebook,.elementor-social-icon-facebook-f{background-color:#3b5998}.elementor-social-icon-flickr{background-color:#0063dc}.elementor-social-icon-foursquare{background-color:#2d5be3}.elementor-social-icon-free-code-camp,.elementor-social-icon-freecodecamp{background-color:#006400}.elementor-social-icon-github{background-color:#333}.elementor-social-icon-gitlab{background-color:#e24329}.elementor-social-icon-globe{background-color:#69727d}.elementor-social-icon-google-plus,.elementor-social-icon-google-plus-g{background-color:#dd4b39}.elementor-social-icon-houzz{background-color:#7ac142}.elementor-social-icon-instagram{background-color:#262626}.elementor-social-icon-jsfiddle{background-color:#487aa2}.elementor-social-icon-link{background-color:#818a91}.elementor-social-icon-linkedin,.elementor-social-icon-linkedin-in{background-color:#0077b5}.elementor-social-icon-medium{background-color:#00ab6b}.elementor-social-icon-meetup{background-color:#ec1c40}.elementor-social-icon-mixcloud{background-color:#273a4b}.elementor-social-icon-odnoklassniki{background-color:#f4731c}.elementor-social-icon-pinterest{background-color:#bd081c}.elementor-social-icon-product-hunt{background-color:#da552f}.elementor-social-icon-reddit{background-color:#ff4500}.elementor-social-icon-rss{background-color:#f26522}.elementor-social-icon-shopping-cart{background-color:#4caf50}.elementor-social-icon-skype{background-color:#00aff0}.elementor-social-icon-slideshare{background-color:#0077b5}.elementor-social-icon-snapchat{background-color:#fffc00}.elementor-social-icon-soundcloud{background-color:#f80}.elementor-social-icon-spotify{background-color:#2ebd59}.elementor-social-icon-stack-overflow{background-color:#fe7a15}.elementor-social-icon-steam{background-color:#00adee}.elementor-social-icon-stumbleupon{background-color:#eb4924}.elementor-social-icon-telegram{background-color:#2ca5e0}.elementor-social-icon-threads{background-color:#000}.elementor-social-icon-thumb-tack{background-color:#1aa1d8}.elementor-social-icon-tripadvisor{background-color:#589442}.elementor-social-icon-tumblr{background-color:#35465c}.elementor-social-icon-twitch{background-color:#6441a5}.elementor-social-icon-twitter{background-color:#1da1f2}.elementor-social-icon-viber{background-color:#665cac}.elementor-social-icon-vimeo{background-color:#1ab7ea}.elementor-social-icon-vk{background-color:#45668e}.elementor-social-icon-weibo{background-color:#dd2430}.elementor-social-icon-weixin{background-color:#31a918}.elementor-social-icon-whatsapp{background-color:#25d366}.elementor-social-icon-wordpress{background-color:#21759b}.elementor-social-icon-x-twitter{background-color:#000}.elementor-social-icon-xing{background-color:#026466}.elementor-social-icon-yelp{background-color:#af0606}.elementor-social-icon-youtube{background-color:#cd201f}.elementor-social-icon-500px{background-color:#0099e5}.elementor-shape-rounded .elementor-icon.elementor-social-icon{border-radius:10%}.elementor-shape-circle .elementor-icon.elementor-social-icon{border-radius:50%}<\/style><\/p><p><a href=\"https:\/\/maferteck.uy\" target=\"_blank\" rel=\"noopener\"><br \/>Facebook<br \/><\/a><br \/><a href=\"https:\/\/maferteck.uy\" target=\"_blank\" rel=\"noopener\"><br \/>Twitter<br \/><\/a><br \/><a href=\"https:\/\/maferteck.uy\" target=\"_blank\" rel=\"noopener\"><br \/>Instagram<br \/><\/a><br \/><a href=\"https:\/\/maferteck.uy\" target=\"_blank\" rel=\"noopener\"><br \/>Google<br \/><\/a><\/p><h2><a href=\"https:\/\/maferteck.uy\/index.php\/home\/\">Inicio<\/a><\/h2><h2><a href=\"https:\/\/maferteck.uy\/index.php\/services\/\">Prodcutos<\/a><\/h2><h2><a href=\"https:\/\/maferteck.uy\/index.php\/contact\/\">Cont\u00e1ctanos 096 526 357 (Whatsapp)<\/a><\/h2>\t\t\t\t\t\t<\/div>\n\t\t\t\t<\/div>\n\t\t\t\t\t<\/div>\n\t\t\t\t<\/div>\n\t\t\t\t<\/div>\n\t\t   ","protected":false},"excerpt":{"rendered":"<p>Le viagra est un m\u00e9dicament permettant de lutter contre les troubles de l\u2019\u00e9rection. Il se prend par voie orale avant un rapport. Cependant, ce traitement [&hellip;]<\/p>\n","protected":false},"author":1,"featured_media":0,"parent":0,"menu_order":0,"comment_status":"closed","ping_status":"closed","template":"page-templates\/page_front-page.php","meta":{"footnotes":""},"_links":{"self":[{"href":"https:\/\/maferteck.uy\/index.php\/wp-json\/wp\/v2\/pages\/11"}],"collection":[{"href":"https:\/\/maferteck.uy\/index.php\/wp-json\/wp\/v2\/pages"}],"about":[{"href":"https:\/\/maferteck.uy\/index.php\/wp-json\/wp\/v2\/types\/page"}],"author":[{"embeddable":true,"href":"https:\/\/maferteck.uy\/index.php\/wp-json\/wp\/v2\/users\/1"}],"replies":[{"embeddable":true,"href":"https:\/\/maferteck.uy\/index.php\/wp-json\/wp\/v2\/comments?post=11"}],"version-history":[{"count":235,"href":"https:\/\/maferteck.uy\/index.php\/wp-json\/wp\/v2\/pages\/11\/revisions"}],"predecessor-version":[{"id":1162,"href":"https:\/\/maferteck.uy\/index.php\/wp-json\/wp\/v2\/pages\/11\/revisions\/1162"}],"wp:attachment":[{"href":"https:\/\/maferteck.uy\/index.php\/wp-json\/wp\/v2\/media?parent=11"}],"curies":[{"name":"wp","href":"https:\/\/api.w.org\/{rel}","templated":true}]}}